{"id":1134,"date":"2020-06-10T09:38:33","date_gmt":"2020-06-10T09:38:33","guid":{"rendered":"http:\/\/phambaohanstore.khomaudeprt.com\/?post_type=product&#038;p=1134"},"modified":"2020-06-10T09:38:33","modified_gmt":"2020-06-10T09:38:33","slug":"phan-ma-eglips-cheek-fit-blusher","status":"publish","type":"product","link":"http:\/\/phambaohanstore.khomaudeprt.com\/?product=phan-ma-eglips-cheek-fit-blusher","title":{"rendered":"Ph\u1ea5n M\u00e1 Eglips Cheek Fit Blusher"},"content":{"rendered":"<p>Ph\u1ea5n M\u00e1 Eglips Cheek Fit Blusher Ch\u1ea5t ph\u1ea5n m\u1ecbn, c\u1ea3m gi\u00e1c nh\u01b0 d\u1ea1ng kem n\u00ean d\u00f9ng tay apply l\u00ean da c\u0169ng c\u00f3 hi\u1ec7u \u1ee9ng m\u00e1 \u1eedng h\u1ed3ng h\u00e2y h\u00e2y c\u1ef1c xinh. Gi\u00fap g\u00f2 m\u00e1 \u1eedng h\u1ed3ng nh\u1eb9 nh\u00e0ng, t\u1ef1 nhi\u00ean. \u0110\u1eb7c bi\u1ec7t da nh\u1ea1y c\u1ea3m c\u0169ng tha h\u1ed3 d\u00f9ng m\u00e0 k s\u1ee3 b\u1ecb kich \u1ee9ng, b\u1ea3ng th\u00e0nh ph\u1ea7n kh\u00f4ng ch\u1ee9a h\u01b0\u01a1ng li\u1ec7u v\u00e0 kh\u00f4ng g\u00e2y m\u1ee5n cho da.<\/p>\n","protected":false},"excerpt":{"rendered":"<p>Ph\u1ea5n M\u00e1 Eglips Cheek Fit Blusher Ch\u1ea5t ph\u1ea5n m\u1ecbn, c\u1ea3m gi\u00e1c nh\u01b0 d\u1ea1ng kem n\u00ean d\u00f9ng tay apply l\u00ean da c\u0169ng c\u00f3 hi\u1ec7u \u1ee9ng m\u00e1 \u1eedng h\u1ed3ng h\u00e2y h\u00e2y c\u1ef1c xinh. Gi\u00fap g\u00f2 m\u00e1 \u1eedng h\u1ed3ng nh\u1eb9 nh\u00e0ng, t\u1ef1 nhi\u00ean. \u0110\u1eb7c bi\u1ec7t da nh\u1ea1y c\u1ea3m c\u0169ng tha h\u1ed3 d\u00f9ng m\u00e0 k s\u1ee3 b\u1ecb kich \u1ee9ng, b\u1ea3ng th\u00e0nh ph\u1ea7n kh\u00f4ng ch\u1ee9a h\u01b0\u01a1ng li\u1ec7u v\u00e0 kh\u00f4ng g\u00e2y m\u1ee5n cho da.<\/p>\n","protected":false},"featured_media":1135,"comment_status":"open","ping_status":"closed","template":"","meta":[],"_links":{"self":[{"href":"http:\/\/phambaohanstore.khomaudeprt.com\/index.php?rest_route=\/wp\/v2\/product\/1134"}],"collection":[{"href":"http:\/\/phambaohanstore.khomaudeprt.com\/index.php?rest_route=\/wp\/v2\/product"}],"about":[{"href":"http:\/\/phambaohanstore.khomaudeprt.com\/index.php?rest_route=\/wp\/v2\/types\/product"}],"replies":[{"embeddable":true,"href":"http:\/\/phambaohanstore.khomaudeprt.com\/index.php?rest_route=%2Fwp%2Fv2%2Fcomments&post=1134"}],"wp:featuredmedia":[{"embeddable":true,"href":"http:\/\/phambaohanstore.khomaudeprt.com\/index.php?rest_route=\/wp\/v2\/media\/1135"}],"wp:attachment":[{"href":"http:\/\/phambaohanstore.khomaudeprt.com\/index.php?rest_route=%2Fwp%2Fv2%2Fmedia&parent=1134"}],"curies":[{"name":"wp","href":"https:\/\/api.w.org\/{rel}","templated":true}]}}